{"id":11,"date":"2010-01-09T15:18:49","date_gmt":"2010-01-09T19:18:49","guid":{"rendered":"http:\/\/eventsbyandrewells.com\/site\/?page_id=11"},"modified":"2012-07-26T20:07:53","modified_gmt":"2012-07-27T00:07:53","slug":"press","status":"publish","type":"page","link":"https:\/\/eventsbyandrewells.com\/site\/press\/","title":{"rendered":"Press"},"content":{"rendered":"<p><strong>Events by Andr\u00e9 Wells<\/strong>\u00a0sets the standard for outstanding entertaining. Wells\u2019 unique approach has gained attention locally and internationally<\/p>\n<div style=\"padding: 20px; background: #f4efef none repeat scroll 0% 0%; height: 200px;\">\n<p><img loading=\"lazy\" decoding=\"async\" class=\"alignleft\" style=\"border: 0pt none; padding-bottom: 20px;\" src=\"..\/..\/press\/wedstyle-fall09.png\" alt=\"grace\" width=\"370\" height=\"233\" \/><\/p>\n<h3>Grace Ormonde<br \/>\nWedding Style Fall 2009<\/h3>\n<p>&#8220;<strong>Events by Andr\u00e9 Wells<\/strong> &#8211; Recognized for his signature style and attention to details. Andre and Associates pride themselves on creating spectacular wedding events.&#8221;<\/p>\n<\/div>\n<div style=\"padding: 20px; background: #dbc8c8 none repeat scroll 0% 0%; height: 200px;\">\n<p><img loading=\"lazy\" decoding=\"async\" class=\"alignright\" style=\"border: 0pt none;\" src=\"..\/..\/press\/washlife_sept09.png\" alt=\"washlife\" width=\"370\" height=\"233\" \/><\/p>\n<h3>Washington Life September 2009<\/h3>\n<p>&#8220;The Hot List &#8211; The Cr\u00e9me de la Cr\u00e9me of Washington&#8217;s Event Planners, Caterers, Florists, and Venues. <strong>Events by Andr\u00e9 Wells<\/strong><\/p>\n<\/div>\n<div style=\"padding: 20px; background: #f4efef none repeat scroll 0% 0%; height: 200px;\">\n<p><img loading=\"lazy\" decoding=\"async\" class=\"alignleft\" style=\"border: 0pt none;\" src=\"..\/..\/press\/capfile-fall09.png\" alt=\"grace\" width=\"370\" height=\"233\" \/><\/p>\n<h3><strong>Capitol File<\/strong> Fall 2009<\/h3>\n<p>&#8220;Top event vendors and experts made <em>Capitol File<\/em>&#8216;s White House Correspondents&#8217; Dinner afterparty&#8230; a smashing success. Check out our partners&#8217; recommendations for creating your own unforgettable event. Local event planner <strong>Andr\u00e9 Wells<\/strong> is known for throwing stylish and sophisticated parties. Here, he shares with us his &#8220;little black book&#8221; of area resources.&#8221;<\/p>\n<\/div>\n<div style=\"background: #dbc8c8; padding: 20px;\">\n<p><img loading=\"lazy\" decoding=\"async\" class=\"alignright\" style=\"border: 0pt none;\" src=\"..\/..\/press\/washlife_sept09.png\" alt=\"washlife\" width=\"370\" height=\"233\" \/><\/p>\n<h3>Washington Life September 2009<\/h3>\n<p>&#8220;The Hot List &#8211; The Cr\u00e9me de la Cr\u00e9me of Washington&#8217;s Event Planners, Caterers, Florists, and Venues. <strong>Events by Andr\u00e9 Wells<\/strong><\/p>\n<\/div>\n<p>_______________________<\/p>\n<table width=\"100%\" border=\"0\" cellspacing=\"0\" cellpadding=\"0\" align=\"left\">\n<tbody>\n<tr>\n<td bgcolor=\"#f4efef\">\n<h1><strong><img loading=\"lazy\" decoding=\"async\" src=\"..\/..\/press\/capfile-fall09.png\" alt=\"capfile\" width=\"370\" height=\"233\" \/><\/strong><\/h1>\n<\/td>\n<td bgcolor=\"#f4efef\">\n<h1><strong>Capitol File<\/strong> Fall 2009<\/h1>\n<p>&#8220;Top event vendors and experts made <em>Capitol File<\/em>&#8216;s White House Correspondents&#8217; Dinner afterparty&#8230; a smashing success. Check out our partners&#8217; recommendations for creating your own unforgettable event. Local event planner <strong>Andr\u00e9 Wells<\/strong> is known for throwing stylish and sophisticated parties. Here, he shares with us his &#8220;little black book&#8221; of area resources.&#8221;<\/td>\n<\/tr>\n<tr>\n<td bgcolor=\"#dbc8c8\">\n<h1><strong>Bride &amp; Groom<\/strong> Summer 2009<\/h1>\n<p>&#8220;<strong>They Know Weddings<\/strong> From planners and photographers to gown shops and bakeries, here are the people who can help make our day perfect. <strong>Events by Andr\u00e9 Wells<\/strong> &#8211; Editor&#8217;s Pick. Wells and his team have planned destination events in the Dominican Republic, Charleston, and Jamaica as well as high-profile Washington weddings.&#8221;<\/td>\n<td bgcolor=\"#dbc8c8\">\n<h1><strong><img loading=\"lazy\" decoding=\"async\" src=\"..\/..\/press\/brideandgroom_mar09.png\" alt=\"bride\" width=\"370\" height=\"233\" \/><\/strong><\/h1>\n<\/td>\n<\/tr>\n<tr>\n<td bgcolor=\"#f4efef\">\n<h1><strong><img loading=\"lazy\" decoding=\"async\" src=\"..\/..\/press\/blackent_jun09.png\" alt=\"black enterprise\" width=\"370\" height=\"233\" \/><\/strong><\/h1>\n<\/td>\n<td bgcolor=\"#f4efef\">\n<h1><strong>Black Enterprise <\/strong><strong> <\/strong>June 2009<\/h1>\n<p>&#8220;Since starting his self-titled business, <strong>Events by Andr\u00e9 Wells, Andr\u00e9 Wells<\/strong> has arranged more weddings than he can remember. Though they have varied in style, size and social signigicance, Wells says there is one essential detail that affects them all &#8211; the budget. Yet he repeatedly hears the phrase that causes the most angst during planning: &#8216;I have no idea what I want to spend.'&#8221;<\/td>\n<\/tr>\n<tr>\n<td bgcolor=\"#dbc8c8\">\n<h1><strong>Capitol File<\/strong> Summer 2009<\/h1>\n<p>&#8220;Entertaining guru <strong>Andr\u00e9 Wells<\/strong> shares tips for hosting a summer event to remember, and gives a peek at this intimate dinner party in honor of the legendary Chuck Brown. &#8220;I love to entertain, especially when there&#8217;s a good cause involved. And what better time of year to entertain than summer, that carefree season with its long, lazy, relaxing days? I cherish it so.&#8221;<\/td>\n<td bgcolor=\"#dbc8c8\">\n<h1><strong><img loading=\"lazy\" decoding=\"async\" src=\"..\/..\/press\/capfile-sum09.png\" alt=\"capfile\" width=\"370\" height=\"233\" \/><\/strong><\/h1>\n<\/td>\n<\/tr>\n<tr>\n<td bgcolor=\"#f4efef\">\n<h1><strong><img loading=\"lazy\" decoding=\"async\" src=\"..\/..\/press\/vogue_may09.png\" alt=\"vogue\" width=\"370\" height=\"233\" \/><\/strong><\/h1>\n<\/td>\n<td bgcolor=\"#f4efef\">\n<h1><strong>VOGUE<\/strong> May 2009<\/h1>\n<p>&#8220;To be mindful of the recession but appeal to a younger mind-set is a directive the popular events designer <strong>Andr\u00e9 Wells<\/strong> is being given constantly these days. For this month&#8217;s thirtieth-anniversary gala for the <em>Smithsonian National Museum of African Art<\/em>, the goal is to mix young artists with philanthropists as well as high-ranking administration officials. Another Wells project, last month&#8217;s <strong>The Young and the Guest List<\/strong>, a private party for under 40s, was set in a hip, empty warehouse rather than the St. Regis Hotel, where the event was held last year.&#8221;<\/td>\n<\/tr>\n<tr>\n<td bgcolor=\"#dbc8c8\">\n<h1><strong>BIZBASH | DC<\/strong> Summer 2009<\/h1>\n<p>&#8220;<strong>Events by Andr\u00e9 Wells<\/strong> has been perfecting parties in the nation&#8217;s capital for six years. <strong>BET<\/strong> turned to Wells to work his magic for its inaugural ball this year. He also runs one of the city&#8217;s hottest annual events, the <strong>Young and the Guest List<\/strong>, which is sponsored by <em>Washington Life<\/em> magazine.&#8221;<\/td>\n<td bgcolor=\"#dbc8c8\">\n<h1><strong><img loading=\"lazy\" decoding=\"async\" src=\"..\/..\/press\/bizbash-dc-sum09.png\" alt=\"bizbash\" width=\"370\" height=\"233\" \/><\/strong><\/h1>\n<\/td>\n<\/tr>\n<tr>\n<td bgcolor=\"#f4efef\">\n<h1><strong><img loading=\"lazy\" decoding=\"async\" src=\"..\/..\/press\/washlif_mar09.png\" alt=\"washlife\" width=\"370\" height=\"233\" \/><\/strong><\/h1>\n<\/td>\n<td bgcolor=\"#f4efef\">\n<h1><strong>Washington Life<\/strong> March 2009<\/h1>\n<p>&#8220;<strong>The Young and the Guest List<\/strong>. WL&#8217;s Guide to the Most Influential Washingtonians Under 40. In a city filled with some of the nation&#8217;s most dynamic young people, the 250 individuals who comprise this year&#8217;s Young &amp; The Guest List repeatedly stand out; as leaders, risk-takers, givers, connectors, and changemakers.<strong>Andr\u00e9 Wells of <\/strong><strong>Events by Andr\u00e9 Wells<\/strong>&#8220;<\/td>\n<\/tr>\n<tr>\n<td bgcolor=\"#dbc8c8\">\n<h1><strong>BIZBASH | NY<\/strong> March 2009<\/h1>\n<p>&#8220;<strong>Sylvia Weinstock<\/strong>&#8216;s five-foot-high cake created a sweet focal point at <strong>BET&#8217;s<\/strong> first inaugural ball at the Mandarin Oriental on January 20. Held in concert with <strong>Colin Powell<\/strong>&#8216;s<em> America&#8217;s Promise<\/em> Alliance and produced by <strong>Events by Andr\u00e9 Wells<\/strong>, the party drew more than 1,200 people.&#8221;<\/td>\n<td bgcolor=\"#dbc8c8\">\n<h1><strong><img loading=\"lazy\" decoding=\"async\" src=\"..\/..\/press\/bizbash-ny-mar09.png\" alt=\"biz bash\" width=\"370\" height=\"233\" \/><\/strong><\/h1>\n<\/td>\n<\/tr>\n<tr>\n<td bgcolor=\"#f4efef\">\n<h1><strong><img loading=\"lazy\" decoding=\"async\" src=\"..\/..\/press\/uptown-feb09.png\" alt=\"uptown\" width=\"370\" height=\"233\" \/><\/strong><\/h1>\n<\/td>\n<td bgcolor=\"#f4efef\">\n<h1><strong>UPTOWN<\/strong> February\/March 2009<\/h1>\n<p>Lexus Presents &#8220;Arriving In Style&#8221; with Holly Robinson and Kevan Hall. Ione Jamison, <strong>Andr\u00e9 Wells<\/strong>, and Amy Goldson.&#8221;<\/td>\n<\/tr>\n<tr>\n<td bgcolor=\"#dbc8c8\">\n<h1><strong>Bride &amp; Groom<\/strong> Winter\/Spring 2009<\/h1>\n<p><strong>&#8220;What do you think of as your signature touch?<\/strong> For me, it&#8217;s all in the details. As an example, if it&#8217;s a very hot night, I like having the valet leave two ice-cold bottles of water in the guests&#8217; car. It&#8217;s a nice surprise when they get in. Or at cocktail receptions, we like putting mints around on tables. People appreciate having them if they&#8217;re eating things that are garlicky.&#8221;<\/td>\n<td bgcolor=\"#dbc8c8\">\n<h1><strong><img loading=\"lazy\" decoding=\"async\" src=\"..\/..\/press\/brideandgroom_winspr09.png\" alt=\"bride\" width=\"370\" height=\"233\" \/><\/strong><\/h1>\n<\/td>\n<\/tr>\n<tr>\n<td bgcolor=\"#f4efef\">\n<h1><strong><img loading=\"lazy\" decoding=\"async\" src=\"..\/..\/press\/myday_win09.png\" alt=\"my day\" width=\"370\" height=\"233\" \/><\/strong><\/h1>\n<\/td>\n<td bgcolor=\"#f4efef\">\n<h1><strong>My Day <\/strong>Winter 2009<\/h1>\n<p>&#8220;<strong>Andr\u00e9 Wells<\/strong> has always known his passions lie in fashion and events. But when he attended college, no structured academic or career path was available to meld the two. So Andr\u00e9 did then what he is well known for doing now: he made it happen. He supplemented his experience as a fashion buyer, event planner, and catering company account executive with volunteer work stuffing invitations, designing floral arrangements, coordinating event logistics, and waiting tables. Eventually, these disparate parts came together to create a company called <strong>Events by Andr\u00e9 Wells<\/strong>.&#8221;<\/td>\n<\/tr>\n<tr>\n<td bgcolor=\"#dbc8c8\">\n<h1><strong>Washingtonian<\/strong> December 2008<\/h1>\n<p><strong>&#8220;<\/strong>Washingtonians with style got to strut their stuff at The <em>Washingtonian&#8217;s<\/em> third annual Best Dressed Party at Charlie Palmer Steak. Events planner <strong>Andr\u00e9 Wells<\/strong>, on of the best dressed in 2006, helped orchestrate the festive and fashionable evening. Neiman Marcus models outfitted in fall&#8217;s must-haves circulated bearing stilettos and evening clutches on silver platters.&#8221;<\/td>\n<td bgcolor=\"#dbc8c8\">\n<h1><strong><img loading=\"lazy\" decoding=\"async\" src=\"..\/..\/press\/washingtonian_dec08.png\" alt=\"\" width=\"370\" height=\"233\" \/><\/strong><\/h1>\n<\/td>\n<\/tr>\n<tr>\n<td bgcolor=\"#f4efef\">\n<h1><strong><img loading=\"lazy\" decoding=\"async\" src=\"..\/..\/press\/capfile-h08.png\" alt=\"dclux\" width=\"370\" height=\"233\" \/><\/strong><\/h1>\n<\/td>\n<td bgcolor=\"#f4efef\">\n<h1><strong>Capitol File <\/strong>Holiday 2008<\/h1>\n<p>&#8220;Known for orchestrating the most fabulous events in town (from the White House to his own house), event planner <strong>Andr\u00e9 Wells<\/strong> shares his decorating and entertaining advice for the holidays.<\/p>\n<p>SIMPLY SOPHISTICATED<br \/>\nTake the stress and strain out of the holidays and Wells&#8217;s tips for keeping the season stylish &#8211; without the hassle.&#8221;<\/td>\n<\/tr>\n<tr>\n<td bgcolor=\"#dbc8c8\">\n<h1><strong>BIZBASH | DC<\/strong><strong> <\/strong>Winter 2008<\/h1>\n<p><strong>&#8220;Change in Washington<br \/>\nAndr\u00e9 Wells<\/strong> offers an alternative to classic D.C. entertaining: decor-heavy evenings ripe with surprises.<\/p>\n<p><strong>Andr\u00e9 Wells<\/strong> is the go-to planner for companies in the capital looking to break from the standard. He started his company, Events by Andr\u00e9 Wells, in 2003, after 13 years on the D.C. circuit at PBS, RSVP Catering, and Capitol Companies.&#8221;<\/td>\n<td bgcolor=\"#dbc8c8\">\n<h1><strong><img loading=\"lazy\" decoding=\"async\" src=\"..\/..\/press\/bizbash-dc-win08.png\" alt=\"dclux\" width=\"370\" height=\"233\" \/><\/strong><\/h1>\n<\/td>\n<\/tr>\n<tr>\n<td bgcolor=\"#f4efef\">\n<h1><strong><img loading=\"lazy\" decoding=\"async\" src=\"..\/..\/press\/bizbash-dc-win08.png\" alt=\"dclux\" width=\"370\" height=\"233\" \/><\/strong><\/h1>\n<\/td>\n<td bgcolor=\"#f4efef\">\n<h1><strong>BIZBASH | DC<\/strong><strong> <\/strong>Winter 2008<\/h1>\n<p><strong>&#8220;House Party<\/strong><br \/>\nFor the Unofficial Legg Mason Tennis Classic Lawn Party, event planner <strong>Andr\u00e9 Wells<\/strong> dressed his home with tennis photo ops and modern picnic eats.<\/p>\n<p>&#8216;How often does it happen that you live right down the street from a popular event that everyone goes to? It&#8217;s a Washington landmark,&#8217; said Wells, who was clad in crisp tennis whites, naturally.&#8221;<\/td>\n<\/tr>\n<tr>\n<td bgcolor=\"#dbc8c8\">\n<h1><strong><img loading=\"lazy\" decoding=\"async\" src=\"..\/..\/press\/clubs-novdec08.png\" alt=\"dclux\" width=\"370\" height=\"233\" \/><\/strong><\/h1>\n<\/td>\n<td bgcolor=\"#dbc8c8\">\n<h1><strong>Private Clubs <\/strong>Nov\/Dec 2008<\/h1>\n<p>&#8220;For a night on the town without the kids, try the U Street Corridor near 14th and U streets. Lots of clubs and lounges, incredible R&amp;B music, and good food.&#8221;<\/p>\n<p>&#8211; <strong>Andr\u00e9 Wells<\/strong>, member, City Clubs of Washington, D.C.<\/td>\n<\/tr>\n<tr>\n<td bgcolor=\"#f4efef\">\n<h1><strong>BIZBASH | DC <\/strong>Fall 2008<\/h1>\n<p>&#8220;On January 7 the Warner Theatre hosted the first BET honors, a celebration of black achievement. Independent event producer <strong>Andr\u00e9 Wells<\/strong> handled a pre-ceremony V.I.P. dinner at Halcyon House and an after-party at the Ronald Reagan Building and International Trade Center&#8221;<\/td>\n<td bgcolor=\"#f4efef\">\n<h1><strong><img loading=\"lazy\" decoding=\"async\" src=\"..\/..\/press\/bizbash-dc-fall08.png\" alt=\"bizbash\" width=\"370\" height=\"233\" \/><\/strong><\/h1>\n<\/td>\n<\/tr>\n<tr>\n<td bgcolor=\"#dbc8c8\">\n<h1><strong><img loading=\"lazy\" decoding=\"async\" src=\"..\/..\/press\/dcmodlux-oct08.png\" alt=\"dclux\" width=\"370\" height=\"233\" \/><\/strong><\/h1>\n<\/td>\n<td bgcolor=\"#dbc8c8\">\n<h1><strong>DC Modern Luxury<\/strong> October 2008<\/h1>\n<p>&#8220;When event planner extraordinaire <strong>Andr\u00e9 Wells<\/strong> beckons you to his lair, you are right to expect big things. Draped in orange and fuchsia, the Welles&#8217;s Gold Coast front lawn, back lawn and side lawn (ok, neighbor&#8217;s lawn) stopped 16th Street traffic as drivers angled to get a look at the festivities.&#8221;<\/td>\n<\/tr>\n<tr>\n<td bgcolor=\"#f4efef\">\n<h1><strong>BIZBASH | DC <\/strong> Spring 2008<\/h1>\n<p>&#8220;The logistics of having three parties in one night (and making sure no one missed the bus) did complicate things. &#8216;It&#8217;s like a ballet,&#8217; said the evening&#8217;s planner, <strong>Andr\u00e9 Wells<\/strong>, who created a French circus theme for the night after six months of planning. &#8216;You have to be so organized,&#8217; he said, holding up his four-page schedule.&#8221;<\/td>\n<td bgcolor=\"#f4efef\">\n<h1><strong><img loading=\"lazy\" decoding=\"async\" src=\"..\/..\/images\/press\/bizbash-dc-spr08.png\" alt=\"dclux\" width=\"370\" height=\"233\" \/><\/strong><\/h1>\n<\/td>\n<\/tr>\n<tr>\n<td bgcolor=\"#dbc8c8\">\n<h1><strong><img loading=\"lazy\" decoding=\"async\" src=\"..\/..\/images\/press\/washlife-mar08.png\" alt=\"dclux\" width=\"370\" height=\"233\" \/><\/strong><\/h1>\n<\/td>\n<td bgcolor=\"#dbc8c8\">\n<h1><strong>Washington Life<\/strong> March 2008<\/h1>\n<p>&#8220;In order to pull off something spectacular, we enlisted the help of famed event planner <strong>Andr\u00e9 Wells<\/strong>.&#8221;<\/p>\n<p>&#8220;Halcyon House&#8217;s Artist&#8217;s Sudio was transformed by <strong>Andr\u00e9 Wells<\/strong> into a chic lounge with dramatic illumination from Frost Lighting and a bar for signature drinks.&#8221;<\/td>\n<\/tr>\n<tr>\n<td bgcolor=\"#f4efef\">\n<h1><strong>Capitol File <\/strong> Early Spring 2008<\/h1>\n<p>&#8220;But that night&#8230; everyone had the opportunity to talk with these tremendous community leaders over a delectable dinner planned by <strong>Events by Andr\u00e9 Wells<\/strong>. &#8216;The setting was urban chic &#8212; the juxtaposition of raw and radiant,&#8217; said Wells. The exclusive dinner for about 130 had to be &#8216;grand and elegant&#8217; for the inauguration of this annual DC event, he added.&#8221;<\/td>\n<td bgcolor=\"#f4efef\">\n<h1><strong><img loading=\"lazy\" decoding=\"async\" src=\"..\/..\/images\/press\/capfile-espr08.png\" alt=\"dclux\" width=\"370\" height=\"233\" \/><\/strong><\/h1>\n<\/td>\n<\/tr>\n<tr>\n<td bgcolor=\"#dbc8c8\">\n<h1><strong><img loading=\"lazy\" decoding=\"async\" src=\"..\/..\/images\/press\/martha-wed-spr08.png\" alt=\"dclux\" width=\"370\" height=\"233\" \/><\/strong><\/h1>\n<\/td>\n<td bgcolor=\"#dbc8c8\">\n<h1><strong>Martha Stewart<br \/>\nWeddings <\/strong> Spring 2008<\/h1>\n<p>&#8220;You owe your bridesmaids tangible thank-yous in the form of from-the-heart tokens usually given at the rehearsal dinner or on the morning of the ceremony. &#8216;Think of the time, expense, and travel involved in being a part of your wedding,&#8217; says <strong>Andr\u00e9 Wells<\/strong> in Washington, D.C. &#8220;<\/td>\n<\/tr>\n<tr>\n<td bgcolor=\"#f4efef\">\n<h1><strong>BIZBASH <\/strong> | New York March\/April 2008<\/h1>\n<p>&#8220;BET worked with event producer <strong>Andr\u00e9 Wells<\/strong> to orchestrate the evening. &#8216;BET chose purple because it&#8217;s reminiscent of royalty,&#8217; Wells said. &#8216;We created a lot of little lounges in the space, with the dance floor around the DJ to make it very social. We were trying to club out the Reagan Building.'&#8221;<\/td>\n<td bgcolor=\"#f4efef\">\n<h1><strong><img loading=\"lazy\" decoding=\"async\" src=\"..\/..\/images\/press\/bizbash-ny-spr08.png\" alt=\"dclux\" width=\"370\" height=\"233\" \/><\/strong><\/h1>\n<\/td>\n<\/tr>\n<tr>\n<td bgcolor=\"#dbc8c8\">\n<h1><strong><img loading=\"lazy\" decoding=\"async\" src=\"..\/..\/images\/press\/washingtonian-jan08.png\" alt=\"dclux\" width=\"370\" height=\"233\" \/><\/strong><\/h1>\n<\/td>\n<td bgcolor=\"#dbc8c8\">\n<h1><strong>Washingtonian <\/strong> January 2008<\/h1>\n<p><strong>&#8220;THEY KNOW WEDDINGS &#8211; <\/strong><strong>Events by Andr\u00e9 Wells<\/strong>: Wells and his team have planned destination events in the Dominican Republic, Charleston, and Jamaica as well as high-profile Washington weddings.&#8221;<\/td>\n<\/tr>\n<tr>\n<td colspan=\"2\" bgcolor=\"#f4efef\">An expert in his field, Wells\u2019 is a sought-after contributor among leading industry publications.<\/td>\n<\/tr>\n<tr>\n<td bgcolor=\"#dbc8c8\" width=\"400\">\n<h1><strong><img loading=\"lazy\" decoding=\"async\" src=\"..\/..\/images\/press\/capfile-spr07.png\" alt=\"washington wedding\" width=\"370\" height=\"233\" \/><\/strong><\/h1>\n<\/td>\n<td bgcolor=\"#dbc8c8\" width=\"400\">\n<h1><strong>Capitol File <\/strong>Spring 2007<\/h1>\n<p>&#8220;Inspired by his son&#8217;s second birthday, event planner <strong>Andr\u00e9 Wells<\/strong> sketches the tiny details that matter most when celebrating with pint-sized partygoers.<\/p>\n<p>AS MY WIFE, ROBYN, AND I TALKED about how we would celebrate the second birthday of our son, Christopher Robin &#8211; whom we call Mister &#8211; we talked about how precious this age is and how much we treasure our little boy. &#8220;<\/td>\n<\/tr>\n<tr bgcolor=\"#f4efef\">\n<td width=\"400\">\n<h1><strong>Capitol File <\/strong>Winter 2007<\/h1>\n<p>&#8220;Event planner <strong>Andr\u00e9 Wells<\/strong> maps out his dream party. All he needs is love &#8212; and an unlimited budget.<\/p>\n<p>AS SOMEONE WHO PLANS AND ATTENDS at least one wedding a month, I see many loving couples, of all ages, genders, and ethnic groups. Isn&#8217;t it funny how love has no boundaries? I applaud the sentiment. I always thought it would be nice to plan a beautiful party that celebrated L-O-V-E. We&#8217;d all eat, laugh, rekindle, and enjoy the ride.&#8221;<\/td>\n<td width=\"400\"><img loading=\"lazy\" decoding=\"async\" src=\"..\/..\/images\/press\/capfile-win07.png\" alt=\"washington wedding\" width=\"370\" height=\"233\" \/><\/td>\n<\/tr>\n<tr>\n<td colspan=\"2\">&#8230;and television&#8230;<\/td>\n<\/tr>\n<\/tbody>\n<\/table>\n","protected":false},"excerpt":{"rendered":"<p>Events by Andr\u00e9 Wells\u00a0sets the standard for outstanding entertaining. Wells\u2019 unique approach has gained attention locally and internationally Grace Ormonde Wedding Style Fall 2009 &#8220;Events by Andr\u00e9 Wells &#8211; Recognized for his signature style and attention to details. Andre and Associates pride themselves on creating spectacular wedding events.&#8221; Washington Life September 2009 &#8220;The Hot List [&hellip;]<\/p>\n","protected":false},"author":1,"featured_media":0,"parent":0,"menu_order":2,"comment_status":"open","ping_status":"open","template":"fullwidth.php","meta":{"footnotes":""},"class_list":["post-11","page","type-page","status-publish","hentry"],"blocksy_meta":[],"_links":{"self":[{"href":"https:\/\/eventsbyandrewells.com\/site\/wp-json\/wp\/v2\/pages\/11","targetHints":{"allow":["GET"]}}],"collection":[{"href":"https:\/\/eventsbyandrewells.com\/site\/wp-json\/wp\/v2\/pages"}],"about":[{"href":"https:\/\/eventsbyandrewells.com\/site\/wp-json\/wp\/v2\/types\/page"}],"author":[{"embeddable":true,"href":"https:\/\/eventsbyandrewells.com\/site\/wp-json\/wp\/v2\/users\/1"}],"replies":[{"embeddable":true,"href":"https:\/\/eventsbyandrewells.com\/site\/wp-json\/wp\/v2\/comments?post=11"}],"version-history":[{"count":45,"href":"https:\/\/eventsbyandrewells.com\/site\/wp-json\/wp\/v2\/pages\/11\/revisions"}],"predecessor-version":[{"id":610,"href":"https:\/\/eventsbyandrewells.com\/site\/wp-json\/wp\/v2\/pages\/11\/revisions\/610"}],"wp:attachment":[{"href":"https:\/\/eventsbyandrewells.com\/site\/wp-json\/wp\/v2\/media?parent=11"}],"curies":[{"name":"wp","href":"https:\/\/api.w.org\/{rel}","templated":true}]}}